{"id":1124,"date":"2023-11-24T12:22:06","date_gmt":"2023-11-24T11:22:06","guid":{"rendered":"https:\/\/www.san-giacomo.it\/?page_id=1124"},"modified":"2023-11-24T16:50:04","modified_gmt":"2023-11-24T15:50:04","slug":"ambulatorio_moc","status":"publish","type":"page","link":"https:\/\/www.san-giacomo.it\/index.php\/ambulatorio_moc\/","title":{"rendered":"AMBULATORIO DI MINERALOMETRIA OSSEA COMPUTERIZZATA (MOC)"},"content":{"rendered":"<h4><\/h4>\n<p><strong>AMBULATORIO DI MINERALOMETRIA OSSEA COMPUTERIZZATA (MOC), \u00a0DELL\u2019 OSTEOPOROSI E DELLE MALATTIE DELL\u2019OSSO<\/strong><\/p>\n<p><strong>\u00a0<\/strong><\/p>\n<p>Presso l&#8217;Ospedale San Giacomo \u00e8 da anni presente un servizio di Diagnostica e Terapia nella cura e nella prevenzione dell\u2019 Osteoporosi e Lo specialista in Medicina interna con l\u2019impiego della MOC Dexa.<\/p>\n<p>Tramite la <strong>MOC<\/strong> (densitometria ossea), \u00e8 possibile determinare la mineralizzazione dell\u2019 osseo e l\u2019architettura della struttura ossea, per diagnosticare, prevenire e monitorare l\u2019osteoporosi.<\/p>\n<p>L\u2019osteoporosi \u00e8 una patologia che si caratterizza per l\u2019alterazione nella quantit\u00e0 e nella qualit\u00e0 delle ossa, determinando un aumentato rischio di frattura.<\/p>\n<p>La valutazione si effettua con l\u2019impiego di un apparecchio MOC Dexa, di ultimissima generazione che impiega un rilevatore ad alta risoluzione a multielemento con scintillatore in Sulfoxilato di Gadolinio (tecnologia usata nelle moderne CT), e software interpretativi e predittivi di ultima generazione: TBS (Trabecular Bone Score) FRAX etc .<\/p>\n<p>Inoltre pu\u00f2 essere impiegata nella valutazione della stabilit\u00e0 di protesi ortopediche e nella valutazione della composizione corporea (massa magra, massa grassa e grasso viscerale VAT).<\/p>\n<p>Al servizio si accede su prescrizione medica<\/p>\n<p>&nbsp;<\/p>\n<p><strong>Che cos\u2019\u00e8 l\u2019osteoporosi?<\/strong><\/p>\n<p>L\u2019osteoporosi \u00e8 una malattia dell&#8217;apparato muscolo scheletrico, caratterizzata da una riduzione della densit\u00e0 minerale ossea e da un&#8217;alterazione della microarchitettura del tessuto osseo; tutto ci\u00f2 provoca un aumento della fragilit\u00e0 dell&#8217;osso, con un elevato rischio di fratture.<br \/>\nIl tessuto osseo \u00e8 un tessuto molto attivo, dal punto di vista metabolico, soggetto ad un costante rinnovamento, nel quale si avvicendano di continuo, formazione di &#8220;nuovo&#8221; osso e distruzione di &#8220;vecchio&#8217; osso. Negli adulti in buona salute i due processi sono in equilibrio e lo scheletro si mantiene stabile. Quando questo equilibrio si altera, il processo di deposizione del nuovo tessuto osseo non riesce a compensare quello di riassorbimento, l&#8217;osso perde la sua compattezza e robustezza, diventa pi\u00f9 fragile, fino a diventare osteoporotico.<br \/>\nCome risultato, l&#8217;osso pu\u00f2 rompersi facilmente.<br \/>\nFino a una donna su tre e un uomo su cinque dopo i 50 anni andr\u00e0 incontro ad una frattura causata dall&#8217;osteoporosi.<br \/>\nNelle prime fasi di sviluppo, l&#8217;osteoporosi non causa n\u00e9 dolore n\u00e9 nessun altro sintomo; in fase pi\u00f9 avanzata potrebbero comparire mal di schiena, provocato dalla frattura o dal collasso di una vertebra.<strong><u>Per verificare la presenza dell&#8217;osteoporosi, gli esami strumentali sono i seguenti<\/u><\/strong>:<\/p>\n<p>-Radiografia<\/p>\n<p>&#8211;<strong>MOC DEXA<\/strong>, che \u00e8 l&#8217;esame di riferimento per la diagnosi, che permette di misurare esattamente la densit\u00e0 minerale ossea. La misurazione si esegue di solito, a livello della colonna vertebrale,del femore ,del polso o Total Body La scelta del segmento da studiare dipende da diversi fattori, tra cui et\u00e0 e sesso; in genere si preferisce analizzare: la colonna lombare per le donne fino a 60 anni e negli uomini fino a 65, e il collo Q il femore nelle persone pi\u00f9 anziane eio, in presenza di malattie della colonna lombare.<\/p>\n<p>-TAC QUANTITATIVA OSSEA (QCT), si pu\u00f2 utilizzare per misurare con precisione il rapporto tra porzione corticale e porzione trasecolare di un corpo vertebrale e con la versione, detta Pqct, si pu\u00f2 valutare lo stesso rapporto con le ossa dell&#8217;avambraccio.<\/p>\n<p>-ULTRASONOGRAFIA QUANTITATIVA O QUS, che misurano la velocit\u00e0 di trasmissione dell&#8217;onda a livello del calcagno, della patella e delle falangi delle mani. Per curare l&#8217;osteoporosi, certamente la prima cosa da fare, dove possibile, \u00e8 correggere i fattori di rischio che hanno impoverito Fosso, impostare un regime alimentare corretto ed uno stile di vita adeguato per la salute dell&#8217;osso (dieta ricca di latticini, attivit\u00e0 fisica regolare, giusto peso forma, limitare alcol, no fumo). Inoltre, camminare, andare in bicicletta e fare regolarmente attivit\u00e0 fisica, va a stimolare i muscoli rafforzandoli, prevenendo anche la possibilit\u00e0 di cadute e quindi di fratture.<\/p>\n<p><strong>La prevenzione dell&#8217;osteoporosi e delle fratture di conseguenza, si basa su 5 punti cardine:<\/strong><strong>\u00a0<\/strong><\/p>\n<ul>\n<li><strong>Assicurare all&#8217;organismo un apporto sufficiente di calcio e vitamina D<\/strong><\/li>\n<li><strong>Fare regolarmente attivit\u00e0 fisica<\/strong><\/li>\n<\/ul>\n<ul>\n<li><strong>Mantenere un peso forma adeguato<\/strong><\/li>\n<li><strong>Evitare un consumo eccessivo di alcol<\/strong><\/li>\n<li><strong>Non fumare<\/strong><\/li>\n<\/ul>\n<p style=\"text-align: center;\"><a href=\"https:\/\/www.san-giacomo.it\/wp-content\/uploads\/2023\/11\/LOCANDINA-PREVENZIONE.png\" target=\"_blank\" rel=\"https:\/\/www.san-giacomo.it\/wp-content\/uploads\/2023\/11\/LOCANDINA-PREVENZIONE.png noopener\"><img loading=\"lazy\" class=\"aligncenter wp-image-1125 size-medium\" src=\"https:\/\/www.san-giacomo.it\/wp-content\/uploads\/2023\/11\/LOCANDINA-PREVENZIONE-300x300.png\" alt=\"\" width=\"300\" height=\"300\" srcset=\"https:\/\/www.san-giacomo.it\/wp-content\/uploads\/2023\/11\/LOCANDINA-PREVENZIONE-300x300.png 300w, https:\/\/www.san-giacomo.it\/wp-content\/uploads\/2023\/11\/LOCANDINA-PREVENZIONE-1024x1024.png 1024w, https:\/\/www.san-giacomo.it\/wp-content\/uploads\/2023\/11\/LOCANDINA-PREVENZIONE-150x150.png 150w, https:\/\/www.san-giacomo.it\/wp-content\/uploads\/2023\/11\/LOCANDINA-PREVENZIONE-768x768.png 768w, https:\/\/www.san-giacomo.it\/wp-content\/uploads\/2023\/11\/LOCANDINA-PREVENZIONE-146x146.png 146w, https:\/\/www.san-giacomo.it\/wp-content\/uploads\/2023\/11\/LOCANDINA-PREVENZIONE-50x50.png 50w, https:\/\/www.san-giacomo.it\/wp-content\/uploads\/2023\/11\/LOCANDINA-PREVENZIONE-75x75.png 75w, https:\/\/www.san-giacomo.it\/wp-content\/uploads\/2023\/11\/LOCANDINA-PREVENZIONE-85x85.png 85w, https:\/\/www.san-giacomo.it\/wp-content\/uploads\/2023\/11\/LOCANDINA-PREVENZIONE-80x80.png 80w, https:\/\/www.san-giacomo.it\/wp-content\/uploads\/2023\/11\/LOCANDINA-PREVENZIONE.png 1080w\" sizes=\"(max-width: 300px) 100vw, 300px\" \/><\/a><\/p>\n","protected":false},"excerpt":{"rendered":"<p>AMBULATORIO DI MINERALOMETRIA OSSEA COMPUTERIZZATA (MOC), \u00a0DELL\u2019 OSTEOPOROSI E DELLE MALATTIE DELL\u2019OSSO \u00a0 Presso l&#8217;Ospedale San Giacomo \u00e8 da anni presente un servizio di Diagnostica e<span class=\"excerpt-hellip\"> [\u2026]<\/span><\/p>\n","protected":false},"author":3,"featured_media":1160,"parent":0,"menu_order":0,"comment_status":"open","ping_status":"open","template":"","meta":{"om_disable_all_campaigns":false},"aioseo_notices":[],"_links":{"self":[{"href":"https:\/\/www.san-giacomo.it\/index.php\/wp-json\/wp\/v2\/pages\/1124"}],"collection":[{"href":"https:\/\/www.san-giacomo.it\/index.php\/wp-json\/wp\/v2\/pages"}],"about":[{"href":"https:\/\/www.san-giacomo.it\/index.php\/wp-json\/wp\/v2\/types\/page"}],"author":[{"embeddable":true,"href":"https:\/\/www.san-giacomo.it\/index.php\/wp-json\/wp\/v2\/users\/3"}],"replies":[{"embeddable":true,"href":"https:\/\/www.san-giacomo.it\/index.php\/wp-json\/wp\/v2\/comments?post=1124"}],"version-history":[{"count":1,"href":"https:\/\/www.san-giacomo.it\/index.php\/wp-json\/wp\/v2\/pages\/1124\/revisions"}],"predecessor-version":[{"id":1126,"href":"https:\/\/www.san-giacomo.it\/index.php\/wp-json\/wp\/v2\/pages\/1124\/revisions\/1126"}],"wp:featuredmedia":[{"embeddable":true,"href":"https:\/\/www.san-giacomo.it\/index.php\/wp-json\/wp\/v2\/media\/1160"}],"wp:attachment":[{"href":"https:\/\/www.san-giacomo.it\/index.php\/wp-json\/wp\/v2\/media?parent=1124"}],"curies":[{"name":"wp","href":"https:\/\/api.w.org\/{rel}","templated":true}]}}