{"id":1338,"date":"2025-09-30T13:29:43","date_gmt":"2025-09-30T11:29:43","guid":{"rendered":"https:\/\/www.san-giacomo.it\/?page_id=1338"},"modified":"2025-09-30T13:29:43","modified_gmt":"2025-09-30T11:29:43","slug":"colibri","status":"publish","type":"page","link":"https:\/\/www.san-giacomo.it\/index.php\/colibri\/","title":{"rendered":"Consorzio Ospedaliero Colibr\u00ec"},"content":{"rendered":"<p><strong>Il Consorzio Ospedaliero Colibr\u00ec <\/strong>viene costituito a settembre 2009. Le caratteristiche fondanti del Consorzio, che vengono richiamate dal nome Colibr\u00ec, sono la leggerezza e la velocit\u00e0. Leggerezza perch\u00e9 il Consorzio non deve pesare sui consorziati n\u00e9 dal punto di vista organizzativo n\u00e9 da quello economico; velocit\u00e0 intesa come la capacit\u00e0 di adeguarsi rapidamente ai cambiamenti.<\/p>\n<p>L\u2019obiettivo originale del consorzio era quello di creare dei <strong>gruppi d\u2019acquisto collettivi<\/strong> che consentissero di negoziare <strong>contratti di fornitura pi\u00f9 vantaggiosi<\/strong> senza rinunciare alla qualit\u00e0.<\/p>\n<p>Oggi il Consorzio Colibr\u00ec \u00e8 diventato il <strong>1\u00b0network per la salute in Emilia Romagna<\/strong>.<\/p>\n<p>I consorziati sono strutture operanti nel settore della sanit\u00e0, dei servizi socio sanitari ed educativi.<\/p>\n<p>Le principali attivit\u00e0 svolte da Colibr\u00ec sono:<\/p>\n<ul>\n<li>Selezione e qualificazione dei fornitori<\/li>\n<li>Ottimizzazione dei prezzi di beni e servizi<\/li>\n<li>Condivisione delle best practices<\/li>\n<li>Formazione<\/li>\n<li>Consulenza<\/li>\n<li>Progetti di ricerca e innovazione<\/li>\n<li>Gestione dei social network<\/li>\n<li>Gestione dell\u2019immagine e comunicazione<\/li>\n<\/ul>\n<p>Nel Giugno 2023 il Consorzio Colibr\u00ec ha stipulato un <strong>Accordo Quadro con l\u2019Alma Mater Studiorum \u2013 Universit\u00e0 di Bologna<\/strong> che regolamenta la collaborazione su iniziative di interesse per entrambe le Parti e nella promozione delle stesse, come:<\/p>\n<ul>\n<li>La possibilit\u00e0 di partecipazione congiunta a bandi e programmi di ricerca regionali, nazionali,<\/li>\n<li>europei e internazionali;<\/li>\n<li>Attivit\u00e0 e sviluppo di progetti di ricerca in collaborazione;<\/li>\n<li>Attivit\u00e0 di consulenza tecnico-scientifica;<\/li>\n<li>Borse di studio, assegni di ricerca e borse di Dottorato per lo svolgimento di attivit\u00e0 in settori di interesse del Consorzio;<\/li>\n<li>Attivit\u00e0 formativa per tirocinanti di diverse scuole di specializzazione.<\/li>\n<\/ul>\n<p>Un tema da sempre importante per il Consorzio \u00e8 la responsabilit\u00e0 sociale e quindi dal 2012 pubblica il Bilancio Sociale di Gruppo per misurare gli effetti sociali ed economici che i consorziati hanno sul territorio in cui operano e nei confronti di tutti gli stakeholder.<\/p>\n<p><a href=\"https:\/\/consorziocolibri.net\/\">https:\/\/consorziocolibri.net\/<\/a><\/p>\n<p>&nbsp;<\/p>\n<p><img loading=\"lazy\" class=\"alignnone size-medium wp-image-1336\" src=\"https:\/\/www.san-giacomo.it\/wp-content\/uploads\/2025\/09\/UNIPdR_jpeg_RGB_risoluzione30047-300x300.jpg\" alt=\"\" width=\"300\" height=\"300\" srcset=\"https:\/\/www.san-giacomo.it\/wp-content\/uploads\/2025\/09\/UNIPdR_jpeg_RGB_risoluzione30047-300x300.jpg 300w, https:\/\/www.san-giacomo.it\/wp-content\/uploads\/2025\/09\/UNIPdR_jpeg_RGB_risoluzione30047-150x150.jpg 150w, https:\/\/www.san-giacomo.it\/wp-content\/uploads\/2025\/09\/UNIPdR_jpeg_RGB_risoluzione30047-146x146.jpg 146w, https:\/\/www.san-giacomo.it\/wp-content\/uploads\/2025\/09\/UNIPdR_jpeg_RGB_risoluzione30047-50x50.jpg 50w, https:\/\/www.san-giacomo.it\/wp-content\/uploads\/2025\/09\/UNIPdR_jpeg_RGB_risoluzione30047-75x75.jpg 75w, https:\/\/www.san-giacomo.it\/wp-content\/uploads\/2025\/09\/UNIPdR_jpeg_RGB_risoluzione30047-85x85.jpg 85w, https:\/\/www.san-giacomo.it\/wp-content\/uploads\/2025\/09\/UNIPdR_jpeg_RGB_risoluzione30047-80x80.jpg 80w, https:\/\/www.san-giacomo.it\/wp-content\/uploads\/2025\/09\/UNIPdR_jpeg_RGB_risoluzione30047.jpg 709w\" sizes=\"(max-width: 300px) 100vw, 300px\" \/> <img loading=\"lazy\" class=\"alignnone size-medium wp-image-1335\" src=\"https:\/\/www.san-giacomo.it\/wp-content\/uploads\/2025\/09\/Logo-consorzio-colorato-212x300.png\" alt=\"\" width=\"212\" height=\"300\" srcset=\"https:\/\/www.san-giacomo.it\/wp-content\/uploads\/2025\/09\/Logo-consorzio-colorato-212x300.png 212w, https:\/\/www.san-giacomo.it\/wp-content\/uploads\/2025\/09\/Logo-consorzio-colorato-724x1024.png 724w, https:\/\/www.san-giacomo.it\/wp-content\/uploads\/2025\/09\/Logo-consorzio-colorato-768x1086.png 768w, https:\/\/www.san-giacomo.it\/wp-content\/uploads\/2025\/09\/Logo-consorzio-colorato-103x146.png 103w, https:\/\/www.san-giacomo.it\/wp-content\/uploads\/2025\/09\/Logo-consorzio-colorato-35x50.png 35w, https:\/\/www.san-giacomo.it\/wp-content\/uploads\/2025\/09\/Logo-consorzio-colorato-53x75.png 53w, https:\/\/www.san-giacomo.it\/wp-content\/uploads\/2025\/09\/Logo-consorzio-colorato.png 1086w\" sizes=\"(max-width: 212px) 100vw, 212px\" \/> <img loading=\"lazy\" class=\"alignnone size-full wp-image-1334\" src=\"https:\/\/www.san-giacomo.it\/wp-content\/uploads\/2025\/09\/ISO-9001_en_regular-RGB.png\" alt=\"\" width=\"284\" height=\"284\" srcset=\"https:\/\/www.san-giacomo.it\/wp-content\/uploads\/2025\/09\/ISO-9001_en_regular-RGB.png 284w, https:\/\/www.san-giacomo.it\/wp-content\/uploads\/2025\/09\/ISO-9001_en_regular-RGB-150x150.png 150w, https:\/\/www.san-giacomo.it\/wp-content\/uploads\/2025\/09\/ISO-9001_en_regular-RGB-146x146.png 146w, https:\/\/www.san-giacomo.it\/wp-content\/uploads\/2025\/09\/ISO-9001_en_regular-RGB-50x50.png 50w, https:\/\/www.san-giacomo.it\/wp-content\/uploads\/2025\/09\/ISO-9001_en_regular-RGB-75x75.png 75w, https:\/\/www.san-giacomo.it\/wp-content\/uploads\/2025\/09\/ISO-9001_en_regular-RGB-85x85.png 85w, https:\/\/www.san-giacomo.it\/wp-content\/uploads\/2025\/09\/ISO-9001_en_regular-RGB-80x80.png 80w\" sizes=\"(max-width: 284px) 100vw, 284px\" \/> <img loading=\"lazy\" class=\"alignnone size-medium wp-image-1333\" src=\"https:\/\/www.san-giacomo.it\/wp-content\/uploads\/2025\/09\/DIAMOND_ITALIAN-295x300.png\" alt=\"\" width=\"295\" height=\"300\" srcset=\"https:\/\/www.san-giacomo.it\/wp-content\/uploads\/2025\/09\/DIAMOND_ITALIAN-295x300.png 295w, https:\/\/www.san-giacomo.it\/wp-content\/uploads\/2025\/09\/DIAMOND_ITALIAN-1006x1024.png 1006w, https:\/\/www.san-giacomo.it\/wp-content\/uploads\/2025\/09\/DIAMOND_ITALIAN-768x782.png 768w, https:\/\/www.san-giacomo.it\/wp-content\/uploads\/2025\/09\/DIAMOND_ITALIAN-1509x1536.png 1509w, https:\/\/www.san-giacomo.it\/wp-content\/uploads\/2025\/09\/DIAMOND_ITALIAN-143x146.png 143w, https:\/\/www.san-giacomo.it\/wp-content\/uploads\/2025\/09\/DIAMOND_ITALIAN-50x50.png 50w, https:\/\/www.san-giacomo.it\/wp-content\/uploads\/2025\/09\/DIAMOND_ITALIAN-74x75.png 74w, https:\/\/www.san-giacomo.it\/wp-content\/uploads\/2025\/09\/DIAMOND_ITALIAN-85x85.png 85w, https:\/\/www.san-giacomo.it\/wp-content\/uploads\/2025\/09\/DIAMOND_ITALIAN-80x80.png 80w, https:\/\/www.san-giacomo.it\/wp-content\/uploads\/2025\/09\/DIAMOND_ITALIAN.png 1602w\" sizes=\"(max-width: 295px) 100vw, 295px\" \/> <img loading=\"lazy\" class=\"alignnone size-full wp-image-1332\" src=\"https:\/\/www.san-giacomo.it\/wp-content\/uploads\/2025\/09\/cropped-colibri-logo-2018-white-120x120-1.png\" alt=\"\" width=\"120\" height=\"120\" srcset=\"https:\/\/www.san-giacomo.it\/wp-content\/uploads\/2025\/09\/cropped-colibri-logo-2018-white-120x120-1.png 120w, https:\/\/www.san-giacomo.it\/wp-content\/uploads\/2025\/09\/cropped-colibri-logo-2018-white-120x120-1-50x50.png 50w, https:\/\/www.san-giacomo.it\/wp-content\/uploads\/2025\/09\/cropped-colibri-logo-2018-white-120x120-1-75x75.png 75w, https:\/\/www.san-giacomo.it\/wp-content\/uploads\/2025\/09\/cropped-colibri-logo-2018-white-120x120-1-85x85.png 85w, https:\/\/www.san-giacomo.it\/wp-content\/uploads\/2025\/09\/cropped-colibri-logo-2018-white-120x120-1-80x80.png 80w\" sizes=\"(max-width: 120px) 100vw, 120px\" \/> <img loading=\"lazy\" class=\"alignnone size-full wp-image-1331\" src=\"https:\/\/www.san-giacomo.it\/wp-content\/uploads\/2025\/09\/clust-er-logo-1.png\" alt=\"\" width=\"150\" height=\"150\" srcset=\"https:\/\/www.san-giacomo.it\/wp-content\/uploads\/2025\/09\/clust-er-logo-1.png 150w, https:\/\/www.san-giacomo.it\/wp-content\/uploads\/2025\/09\/clust-er-logo-1-146x146.png 146w, https:\/\/www.san-giacomo.it\/wp-content\/uploads\/2025\/09\/clust-er-logo-1-50x50.png 50w, https:\/\/www.san-giacomo.it\/wp-content\/uploads\/2025\/09\/clust-er-logo-1-75x75.png 75w, https:\/\/www.san-giacomo.it\/wp-content\/uploads\/2025\/09\/clust-er-logo-1-85x85.png 85w, https:\/\/www.san-giacomo.it\/wp-content\/uploads\/2025\/09\/clust-er-logo-1-80x80.png 80w\" sizes=\"(max-width: 150px) 100vw, 150px\" \/><\/p>\n","protected":false},"excerpt":{"rendered":"<p>Il Consorzio Ospedaliero Colibr\u00ec viene costituito a settembre 2009. Le caratteristiche fondanti del Consorzio, che vengono richiamate dal nome Colibr\u00ec, sono la leggerezza e la velocit\u00e0.<span class=\"excerpt-hellip\"> [\u2026]<\/span><\/p>\n","protected":false},"author":3,"featured_media":169,"parent":0,"menu_order":0,"comment_status":"open","ping_status":"open","template":"","meta":{"om_disable_all_campaigns":false},"aioseo_notices":[],"_links":{"self":[{"href":"https:\/\/www.san-giacomo.it\/index.php\/wp-json\/wp\/v2\/pages\/1338"}],"collection":[{"href":"https:\/\/www.san-giacomo.it\/index.php\/wp-json\/wp\/v2\/pages"}],"about":[{"href":"https:\/\/www.san-giacomo.it\/index.php\/wp-json\/wp\/v2\/types\/page"}],"author":[{"embeddable":true,"href":"https:\/\/www.san-giacomo.it\/index.php\/wp-json\/wp\/v2\/users\/3"}],"replies":[{"embeddable":true,"href":"https:\/\/www.san-giacomo.it\/index.php\/wp-json\/wp\/v2\/comments?post=1338"}],"version-history":[{"count":2,"href":"https:\/\/www.san-giacomo.it\/index.php\/wp-json\/wp\/v2\/pages\/1338\/revisions"}],"predecessor-version":[{"id":1340,"href":"https:\/\/www.san-giacomo.it\/index.php\/wp-json\/wp\/v2\/pages\/1338\/revisions\/1340"}],"wp:featuredmedia":[{"embeddable":true,"href":"https:\/\/www.san-giacomo.it\/index.php\/wp-json\/wp\/v2\/media\/169"}],"wp:attachment":[{"href":"https:\/\/www.san-giacomo.it\/index.php\/wp-json\/wp\/v2\/media?parent=1338"}],"curies":[{"name":"wp","href":"https:\/\/api.w.org\/{rel}","templated":true}]}}