{"id":215,"date":"2017-04-20T12:39:13","date_gmt":"2017-04-20T10:39:13","guid":{"rendered":"http:\/\/new.san-giacomo.it\/?page_id=215"},"modified":"2023-05-19T10:44:33","modified_gmt":"2023-05-19T08:44:33","slug":"cardio","status":"publish","type":"page","link":"https:\/\/www.san-giacomo.it\/index.php\/our-offer-2\/cardio\/","title":{"rendered":"Unit\u00e0 Funzionale di Medicina Riabilitativa Cardiologica"},"content":{"rendered":"<h2>Unit\u00e0 Funzionale di Medicina Riabilitativa Cardiologica<\/h2>\n<p>&nbsp;<\/p>\n<h4 class=\"themecolor\"><strong>Responsabile: <\/strong><\/h4>\n<ul>\n<li>Dr.ssa Valentina Schettino<\/li>\n<\/ul>\n<h4><strong>Medici dell\u2019Unit\u00e0 Funzionali: <\/strong><\/h4>\n<ul>\n<li>Dr.ssa Daniela Corbellini<\/li>\n<li>Dr.ssa Corinna Armentano<\/li>\n<li>Dr.ssa Donatella Zavaroni<\/li>\n<\/ul>\n<h4><strong>Coordinatore Infermieristico:<\/strong><\/h4>\n<ul>\n<li>Gaetano Cammi<\/li>\n<\/ul>\n<h4><strong>Coordinatore Fisioterapisti:<\/strong><\/h4>\n<ul>\n<li>Paola Villa<\/li>\n<\/ul>\n<p>&nbsp;<\/p>\n<p>Le definizioni dell\u2019Organizzazione Mondiale della Sanit\u00e0, dell\u2019American Heart Association e dell\u2019European Society of Cardiology concordano nell\u2019attribuire alla Riabilitazione cardiologica l\u2019obiettivo ultimo di \u201c<strong><em>Rec<strong>u<\/strong>perare e mantenere al livello pi\u00f9 elevato possibile le condizioni fisiologiche, psicologiche, sociali e ricreative del paziente cardiopatico, preservando il pi\u00f9 a lungo possibile la qualit\u00e0 della vita e la sua indipendenza nella societ\u00e0<\/em><\/strong><em>\u201d.<\/em><\/p>\n<p>I contenuti della Riabilitazione Cardiologica\u00a0 sono intesi in senso estensivo coinvolgendo:<\/p>\n<ul>\n<li>L\u2019esecuzione di una stratificazione funzionale e prognostica<\/li>\n<li>L\u2019impostazione e l\u2019ottimizzazione di una terapia farmacologica e fisica (training fisico)<\/li>\n<li>Un\u2019opera di prevenzione secondaria e di educazione sanitaria con coinvolgimento di numerose competenze anche extra-cardiologiche (psicologo, nutrizionista, infettivologo, diabetologo ecc.)<\/li>\n<\/ul>\n<p>La nostra Unit\u00e0 Funzionale, collocata in un unico reparto di Medicina Riabilitativa Cardiologica per patologie cardiovascolari, \u00a0affronta le problematiche riabilitative relative a differenti quadri clinici:<\/p>\n<ul>\n<li>Dopo un intervento cardiochirurgico o di cardiologia strutturale<\/li>\n<li>Nella fase post-acuta di un Infarto Miocardico o di una Sindrome Coronarica Acuta<\/li>\n<li>Nella fase di stabilizzazione dello Scompenso Cardiaco<\/li>\n<\/ul>\n<p>Negli ultimi anni ha inoltre sviluppato una particolare competenza nel trattamento del paziente diabetico con problematiche vascolari periferiche post-chirurgiche.<\/p>\n<p>Le modalit\u00e0 di accesso prioritarie sono essenzialmente due:<\/p>\n<ul>\n<li>Provenienza diretta da una struttura Cardiochirurgica, Cardiologica o di Chirurgia Vascolare per acuti (Riabilitazione degenziale)<\/li>\n<li>Invio dopo la dimissione di un a Unit\u00e0 Operativa per acuti per eseguire una Riabilitazione Ambulatoriale (Day Hospital)<\/li>\n<\/ul>\n<p>&nbsp;<\/p>\n<p><a name=\"_Toc135304810\"><\/a><a name=\"_Toc135304637\"><\/a><strong>Percorso riabilitativo Piede Diabetico<\/strong><\/p>\n<p>Il piede diabetico rappresenta una delle pi\u00f9 temibili complicanze della malattia diabetica. Da anni l\u2019Ospedale Privato San Giacomo, grazie ad assistenza multi specialistica, \u00e8 divenuto centro di riferimento per le pi\u00f9 importanti strutture specialistiche di primo livello\u00a0\u00a0 specializzate\u00a0 nella terapia chirurgica delle complicanze del piede diabetico.<\/p>\n<p>Il paziente che giunge in reparto riceve una assistenza medica che ne stabilizza il quadro clinico occupandosi della terapia del dolore e dell\u2019 ottimizzazione del compenso glicemico. Vengono valutate e trattate le ferite chirurgiche mediante medicazioni avanzate. Viene impostata una adeguata terapia nutrizionale.<\/p>\n<p>All\u2019interno del progetto riabilitativo il team inserisce programmi educativi finalizzati ad un effettivo cambiamento dello stile di vita del paziente (abolizione del fumo, dieta appropriata, controllo del peso, dell\u2019ansia e della depressione), e interventi aventi lo scopo di consolidare i risultati ottenuti e favorire l\u2019aderenza alla terapia\u00a0 lungo termine.<\/p>\n<p>&nbsp;<\/p>\n<p>&nbsp;<\/p>\n<p>GLI AMBIENTI:<\/p>\n<p>L\u2019UF di Riabilitazione CARDIOLOGIA ha una palestra dedicata di 150 metri quadri ove il Paziente pu\u00f2 svolgere il proprio percorso di rieducazione avvalendosi di strumenti per il ricondizionamento aerobico sotto monitor ( telemetria ) a garanzia della sua totale sicurezza.<\/p>\n<p>&nbsp;<\/p>\n","protected":false},"excerpt":{"rendered":"<p>Unit\u00e0 Funzionale di Medicina Riabilitativa Cardiologica &nbsp; Responsabile: Dr.ssa Valentina Schettino Medici dell\u2019Unit\u00e0 Funzionali: Dr.ssa Daniela Corbellini Dr.ssa Corinna Armentano Dr.ssa Donatella Zavaroni Coordinatore Infermieristico: Gaetano<span class=\"excerpt-hellip\"> [\u2026]<\/span><\/p>\n","protected":false},"author":3,"featured_media":291,"parent":118,"menu_order":0,"comment_status":"open","ping_status":"closed","template":"","meta":{"om_disable_all_campaigns":false},"aioseo_notices":[],"_links":{"self":[{"href":"https:\/\/www.san-giacomo.it\/index.php\/wp-json\/wp\/v2\/pages\/215"}],"collection":[{"href":"https:\/\/www.san-giacomo.it\/index.php\/wp-json\/wp\/v2\/pages"}],"about":[{"href":"https:\/\/www.san-giacomo.it\/index.php\/wp-json\/wp\/v2\/types\/page"}],"author":[{"embeddable":true,"href":"https:\/\/www.san-giacomo.it\/index.php\/wp-json\/wp\/v2\/users\/3"}],"replies":[{"embeddable":true,"href":"https:\/\/www.san-giacomo.it\/index.php\/wp-json\/wp\/v2\/comments?post=215"}],"version-history":[{"count":16,"href":"https:\/\/www.san-giacomo.it\/index.php\/wp-json\/wp\/v2\/pages\/215\/revisions"}],"predecessor-version":[{"id":934,"href":"https:\/\/www.san-giacomo.it\/index.php\/wp-json\/wp\/v2\/pages\/215\/revisions\/934"}],"up":[{"embeddable":true,"href":"https:\/\/www.san-giacomo.it\/index.php\/wp-json\/wp\/v2\/pages\/118"}],"wp:featuredmedia":[{"embeddable":true,"href":"https:\/\/www.san-giacomo.it\/index.php\/wp-json\/wp\/v2\/media\/291"}],"wp:attachment":[{"href":"https:\/\/www.san-giacomo.it\/index.php\/wp-json\/wp\/v2\/media?parent=215"}],"curies":[{"name":"wp","href":"https:\/\/api.w.org\/{rel}","templated":true}]}}