{"id":229,"date":"2017-04-26T12:19:40","date_gmt":"2017-04-26T10:19:40","guid":{"rendered":"http:\/\/new.san-giacomo.it\/?page_id=229"},"modified":"2022-08-02T15:30:30","modified_gmt":"2022-08-02T13:30:30","slug":"serviziautonomi","status":"publish","type":"page","link":"https:\/\/www.san-giacomo.it\/index.php\/serviziautonomi\/","title":{"rendered":"Servizi autonomi"},"content":{"rendered":"<h2><strong>Laboratorio analisi<\/strong><\/h2>\n<h5 class=\"themecolor\">Responsabile: Dott.ssa Chiara Forlini<\/h5>\n<p>Operatori del Servizio: Dott.ssa Chiara Forlini, Dott.ssa Elisa Ughini, Dott.ssa Giulia Campagnoli<\/p>\n<p>Il Servizio di Laboratorio Analisi \u00e8 classificato come laboratorio generale di base, cio\u00e8 \u00e8 un presidio pluridisciplinare che svolge indagini diagnostiche in vari settori della Patologia Clinica (D.P.C.M. 10.02.1984, art.3).<\/p>\n<p>In particolare l\u2019attivit\u00e0 laboratoristica si articola in questi principali settori:<\/p>\n<ul>\n<li><strong><em>Chimica Clinica<\/em><\/strong>:\u00a0 determinazione di substrati ed attivit\u00e0 enzimatiche<\/li>\n<\/ul>\n<ul>\n<li><strong><em>Ematologia:\u00a0 <\/em><\/strong>referti a 22 parametri compresa la formula leucocitaria a cinque popolazioni<\/li>\n<\/ul>\n<ul>\n<li><strong><em>Immunoenzimatica<\/em><\/strong>: markers dell\u2019epatite, markers tumorali, dosaggio di farmaci, ormoni tiroidei<\/li>\n<\/ul>\n<ul>\n<li><strong><em>Microbiologia<\/em><\/strong>: ricerca ed identificazione dei principali microrganismi\u00a0provenienti da campioni biologici, e valutazione in vitro della loro sensibilit\u00e0 agli agenti antibatterici, espressa in MIC<\/li>\n<\/ul>\n<ul>\n<li><strong><em>Attivit\u00e0 di sorveglianza e monitoraggio delle infezioni nosocomiali<\/em><\/strong><\/li>\n<\/ul>\n<p>Il Laboratorio Analisi effettua regolari Controlli di Qualit\u00e0 intra-laboratorio, seguendo apposita procedura interna, e aderisce ai seguenti programmi di Qualit\u00e0 inter-laboratorio:<\/p>\n<p>a) Valutazione Esterna di Qualit\u00e0 della Regione Emilia Romagna (chimica clinica, coagulazione, funzionalit\u00e0 tiroidea)<\/p>\n<p>b) Valutazione Esterna di Qualit\u00e0 per la Microbiologia Clinica (NEQAS).<\/p>\n<p>Le prestazioni offerte dal Laboratorio Analisi sono, per la gran parte, eseguite all\u2019interno del Servizio stesso.<\/p>\n<p>Per l\u2019esecuzione di alcune indagini il Laboratorio si avvale poi, in regime di \u201cservice\u201d,\u00a0 del Centro Analisi Fleming di Brescia.<\/p>\n<p>I documenti: \u201cstandard di prodotto\u201d e \u201cgaranzie offerte\u201d\u00a0 sono disponibili presso il Laboratorio Analisi.<\/p>\n<p>&nbsp;<\/p>\n<hr class=\" hr_color\" style=\"margin: 0 auto 30px;\"\/>\n\n<h2><strong>Servizio di radiologia<\/strong><\/h2>\n<h5 class=\"themecolor\">Responsabile: Dr.\u00a0Alessandro Parenti<\/h5>\n<p>Il servizio esegue prestazioni di radiologia tradizionale e MOC. Il Servizio, avvalendosi del Manuale della Qualit\u00e0, assicura i principi di giustificazione ed ottimizzazione.<\/p>\n<p>L\u2019attivit\u00e0 \u00e8 rivolta sia a pazienti ricoverati che esterni.<\/p>\n<p>&nbsp;<\/p>\n<hr class=\" hr_color\" style=\"margin: 0 auto 30px;\"\/>\n\n<h2><strong>Unit\u00e0 operativa di Neuropsicologia e Psicologia<\/strong><\/h2>\n<h5 class=\"themecolor\">Responsabile: Dott.ssa. Livia Russo<\/h5>\n<p>Operatori del Servizio: Dr. Filippo Manno, D.ssa Elena Chinosi, D.ssa Livia Russo<\/p>\n<p>E\u2019 destinata ad affrontare le problematiche diagnostiche e riabilitative relative a menomazioni e disabilit\u00e0 cognitive, emotive, motivazionali secondarie a lesioni cerebrali acquisite o a malattia cronica invalidante.<\/p>\n<p>Sono presenti attivit\u00e0 specialistiche di psicologia clinica, neuropsicologia e riabilitazione neuropsicologica, psicoterapia ad orientamento cognitivo-comportamentale.<\/p>\n<p>I percorsi diagnostici, psicoterapeutici, di riabilitazione neuropsicologica sono realizzati in base ai dati delle revisioni sistematiche, delle linee guida, degli studi scientifici di settore. Gli strumenti diagnostici utilizzati sono validati, le metodologie di intervento di provata efficacia empirica, Evidence Based Psychology.<\/p>\n<p>Il Servizio di Neuropsicologia e Psicologia si caratterizza con interventi finalizzati a:<\/p>\n<ul>\n<li>all\u2019approfondimento diagnostico relativo a disturbi neuropsicologici e a disturbi dell\u2019adattamento psicologico;<\/li>\n<li>alla formulazione tecnica operativa del programma di interventi psicologici, psicoterapeutici, di riabilitazione neuropsicologica, nonch\u00e9 controllo sulla sua realizzazione;<\/li>\n<li>all\u2019individuazione di presidi per il compenso di turbe neuropsicologiche;<\/li>\n<li>alla progettazione di una adeguata stimolazione cognitiva, relazionale prodotta nell\u2019ambiente riabilitativo;<\/li>\n<li>a favorire la riduzione del disagio psicologico e dei fattori di rischio per la salute;<\/li>\n<li>a garantire una adeguata informazione ed addestramento ai familiari relativamente alle seguenti problematiche: turbe cognitive, del comportamento, della comunicazione, emozionali, necessit\u00e0 di controlli, indicazioni di trattamento. Eroga loro prestazioni di counseling e supporto psicologico.<\/li>\n<\/ul>\n<p>Particolare attenzione viene rivolta allo sviluppo e alla misurazione di indicatori psicologici di efficacia.<\/p>\n<p>L\u2019Unit\u00e0 Operativa di Neuropsicologia e\u00a0 Psicologia \u00e8 dotata di quattro psicologi clinici con formazione neuropsicologica e specializzazione in psicoterapia ad orientamento cognitivo comportamentale, un tecnico specificatamente addestrato. Dispone di cinque ambulatori assegnati a ciascun operatore, un ambulatorio per la riabilitazione cognitiva e di una sala per gli incontri di gruppo.<\/p>\n<p>La formazione professionale viene effettuata periodicamente attraverso la partecipazione a congressi, corsi di formazione, riunioni di societ\u00e0 scientifiche e studio della letteratura scientifica del settore.<\/p>\n<p>L\u2019Unit\u00e0 Operativa di Neuropsicologia e\u00a0 Psicologia inoltre \u00e8 convenzionata con le Universit\u00e0 di Bologna, Parma e Pavia per la formazione di tirocinanti con laurea specialistica in neuroscienze cognitive e psicologia e per la formazione di specializzandi per le scuole di specializzazione in psicoterapia.<\/p>\n<p>&nbsp;<\/p>\n<hr class=\" hr_color\" style=\"margin: 0 auto 30px;\"\/>\n\n<h2><strong>Logopedia<\/strong><\/h2>\n<h5 class=\"themecolor\">Coordinatore:\u00a0Simona Morandi<\/h5>\n","protected":false},"excerpt":{"rendered":"<p>Laboratorio analisi Responsabile: Dott.ssa Chiara Forlini Operatori del Servizio: Dott.ssa Chiara Forlini, Dott.ssa Elisa Ughini, Dott.ssa Giulia Campagnoli Il Servizio di Laboratorio Analisi \u00e8 classificato come<span class=\"excerpt-hellip\"> [\u2026]<\/span><\/p>\n","protected":false},"author":3,"featured_media":177,"parent":0,"menu_order":0,"comment_status":"open","ping_status":"open","template":"","meta":{"om_disable_all_campaigns":false},"aioseo_notices":[],"_links":{"self":[{"href":"https:\/\/www.san-giacomo.it\/index.php\/wp-json\/wp\/v2\/pages\/229"}],"collection":[{"href":"https:\/\/www.san-giacomo.it\/index.php\/wp-json\/wp\/v2\/pages"}],"about":[{"href":"https:\/\/www.san-giacomo.it\/index.php\/wp-json\/wp\/v2\/types\/page"}],"author":[{"embeddable":true,"href":"https:\/\/www.san-giacomo.it\/index.php\/wp-json\/wp\/v2\/users\/3"}],"replies":[{"embeddable":true,"href":"https:\/\/www.san-giacomo.it\/index.php\/wp-json\/wp\/v2\/comments?post=229"}],"version-history":[{"count":9,"href":"https:\/\/www.san-giacomo.it\/index.php\/wp-json\/wp\/v2\/pages\/229\/revisions"}],"predecessor-version":[{"id":908,"href":"https:\/\/www.san-giacomo.it\/index.php\/wp-json\/wp\/v2\/pages\/229\/revisions\/908"}],"wp:featuredmedia":[{"embeddable":true,"href":"https:\/\/www.san-giacomo.it\/index.php\/wp-json\/wp\/v2\/media\/177"}],"wp:attachment":[{"href":"https:\/\/www.san-giacomo.it\/index.php\/wp-json\/wp\/v2\/media?parent=229"}],"curies":[{"name":"wp","href":"https:\/\/api.w.org\/{rel}","templated":true}]}}