{"id":380,"date":"2017-12-01T11:44:27","date_gmt":"2017-12-01T10:44:27","guid":{"rendered":"http:\/\/www.san-giacomo.it\/?page_id=380"},"modified":"2021-12-21T13:18:49","modified_gmt":"2021-12-21T12:18:49","slug":"comeraggiungerci","status":"publish","type":"page","link":"https:\/\/www.san-giacomo.it\/index.php\/comeraggiungerci\/","title":{"rendered":"Come raggiungerci"},"content":{"rendered":"<h2>Come raggiungerci<\/h2>\n<p><strong>IN TRENO<\/strong><strong>\u00a0<\/strong><\/p>\n<p>La stazione ferroviaria pi\u00f9 vicina \u00e8 quella di Piacenza.<\/p>\n<p>Dalla stazione \u00e8 possibile raggiungere Ponte dell\u2019Olio con mezzi privati, taxi, o con autobus di linea.<\/p>\n<p>&nbsp;<\/p>\n<hr class=\" hr_color\" style=\"margin: 0 auto 30px;\"\/>\n\n<p><strong>IN AUTOBUS<\/strong><\/p>\n<p>Da Piacenza \u00e8 possibile usufruire di un servizio autobus che prevede le principali stazioni cittadine presso:<\/p>\n<p><strong>PIAZZA CITTADELLA &#8211; STAZ. FERROVIARIA &#8211; PIAZZALE GENOVA<\/strong>.<\/p>\n<p>La frequenza delle partenze da Piacenza per Ponte dell\u2019Olio \u00e8 di una ogni ora, con inizio alle 6.45 e termine (ultima corsa) alle 19.40 *.<\/p>\n<p>Ugualmente, la frequenza delle partenze da Ponte dell\u2019Olio per Piacenza \u00e8 di ogni ora, con inizio alle 5.35 ed ultima corsa alle 18.35 *.<\/p>\n<p>La durata del tragitto \u00e8 di circa 40 minuti.<\/p>\n<p>*Gli orari pubblicati possono non corrispondere al reale orario di servizio; di seguito il link al sito ufficiale:<\/p>\n<p><a href=\"http:\/\/www.setaweb.it\/pc\/linee#pc2\" target=\"_blank\" rel=\"noopener\"><strong>Clicca per guardare il dettaglio degli orari sul sito di Seta<\/strong><\/a><\/p>\n","protected":false},"excerpt":{"rendered":"<p>Come raggiungerci IN TRENO\u00a0 La stazione ferroviaria pi\u00f9 vicina \u00e8 quella di Piacenza. Dalla stazione \u00e8 possibile raggiungere Ponte dell\u2019Olio con mezzi privati, taxi, o con<span class=\"excerpt-hellip\"> [\u2026]<\/span><\/p>\n","protected":false},"author":3,"featured_media":169,"parent":0,"menu_order":0,"comment_status":"open","ping_status":"open","template":"","meta":{"om_disable_all_campaigns":false},"aioseo_notices":[],"_links":{"self":[{"href":"https:\/\/www.san-giacomo.it\/index.php\/wp-json\/wp\/v2\/pages\/380"}],"collection":[{"href":"https:\/\/www.san-giacomo.it\/index.php\/wp-json\/wp\/v2\/pages"}],"about":[{"href":"https:\/\/www.san-giacomo.it\/index.php\/wp-json\/wp\/v2\/types\/page"}],"author":[{"embeddable":true,"href":"https:\/\/www.san-giacomo.it\/index.php\/wp-json\/wp\/v2\/users\/3"}],"replies":[{"embeddable":true,"href":"https:\/\/www.san-giacomo.it\/index.php\/wp-json\/wp\/v2\/comments?post=380"}],"version-history":[{"count":11,"href":"https:\/\/www.san-giacomo.it\/index.php\/wp-json\/wp\/v2\/pages\/380\/revisions"}],"predecessor-version":[{"id":849,"href":"https:\/\/www.san-giacomo.it\/index.php\/wp-json\/wp\/v2\/pages\/380\/revisions\/849"}],"wp:featuredmedia":[{"embeddable":true,"href":"https:\/\/www.san-giacomo.it\/index.php\/wp-json\/wp\/v2\/media\/169"}],"wp:attachment":[{"href":"https:\/\/www.san-giacomo.it\/index.php\/wp-json\/wp\/v2\/media?parent=380"}],"curies":[{"name":"wp","href":"https:\/\/api.w.org\/{rel}","templated":true}]}}